{"id":7489,"date":"2024-09-27T10:37:05","date_gmt":"2024-09-27T10:37:05","guid":{"rendered":"https:\/\/digitalconnection.connectionthemes.com\/about\/"},"modified":"2024-10-10T06:59:28","modified_gmt":"2024-10-10T06:59:28","slug":"sobre-nos","status":"publish","type":"page","link":"https:\/\/mail.digitalconnection.ae\/pt-pt\/sobre-nos\/","title":{"rendered":"Sobre N\u00f3s"},"content":{"rendered":"","protected":false},"excerpt":{"rendered":"","protected":false},"author":1,"featured_media":0,"parent":0,"menu_order":0,"comment_status":"closed","ping_status":"closed","template":"page-about.php","meta":{"footnotes":""},"class_list":["post-7489","page","type-page","status-publish","hentry"],"acf":[],"yoast_head":"<!-- This site is optimized with the Yoast SEO plugin v23.6 - https:\/\/yoast.com\/wordpress\/plugins\/seo\/ -->\n<title>Sobre N\u00f3s - Digital Connection<\/title>\n<meta name=\"description\" content=\"A digital connection \u00e9 uma ag\u00eancia inovadora que visa facilitar a comunica\u00e7\u00e3o empresarial utilizando ferramentas multim\u00e9dia de car\u00e1cter...\" \/>\n<meta name=\"robots\" content=\"index, follow, max-snippet:-1, max-image-preview:large, max-video-preview:-1\" \/>\n<link rel=\"canonical\" href=\"https:\/\/as10razoes.quintelaepenalva.pt\/pt-pt\/sobre-nos\/\" \/>\n<meta property=\"og:locale\" content=\"pt_PT\" \/>\n<meta property=\"og:type\" content=\"article\" \/>\n<meta property=\"og:title\" content=\"Sobre N\u00f3s - Digital Connection\" \/>\n<meta property=\"og:description\" content=\"A digital connection \u00e9 uma ag\u00eancia inovadora que visa facilitar a comunica\u00e7\u00e3o empresarial utilizando ferramentas multim\u00e9dia de car\u00e1cter...\" \/>\n<meta property=\"og:url\" content=\"https:\/\/as10razoes.quintelaepenalva.pt\/pt-pt\/sobre-nos\/\" \/>\n<meta property=\"og:site_name\" content=\"Digital Connection\" \/>\n<meta property=\"article:modified_time\" content=\"2024-10-10T06:59:28+00:00\" \/>\n<meta name=\"twitter:card\" content=\"summary_large_image\" \/>\n<script type=\"application\/ld+json\" class=\"yoast-schema-graph\">{\"@context\":\"https:\/\/schema.org\",\"@graph\":[{\"@type\":\"WebPage\",\"@id\":\"https:\/\/as10razoes.quintelaepenalva.pt\/pt-pt\/sobre-nos\/\",\"url\":\"https:\/\/as10razoes.quintelaepenalva.pt\/pt-pt\/sobre-nos\/\",\"name\":\"Sobre N\u00f3s - Digital Connection\",\"isPartOf\":{\"@id\":\"https:\/\/mail.primeform.eu\/#website\"},\"datePublished\":\"2024-09-27T10:37:05+00:00\",\"dateModified\":\"2024-10-10T06:59:28+00:00\",\"description\":\"A digital connection \u00e9 uma ag\u00eancia inovadora que visa facilitar a comunica\u00e7\u00e3o empresarial utilizando ferramentas multim\u00e9dia de car\u00e1cter...\",\"breadcrumb\":{\"@id\":\"https:\/\/as10razoes.quintelaepenalva.pt\/pt-pt\/sobre-nos\/#breadcrumb\"},\"inLanguage\":\"pt-PT\",\"potentialAction\":[{\"@type\":\"ReadAction\",\"target\":[\"https:\/\/as10razoes.quintelaepenalva.pt\/pt-pt\/sobre-nos\/\"]}]},{\"@type\":\"BreadcrumbList\",\"@id\":\"https:\/\/as10razoes.quintelaepenalva.pt\/pt-pt\/sobre-nos\/#breadcrumb\",\"itemListElement\":[{\"@type\":\"ListItem\",\"position\":1,\"name\":\"Home\",\"item\":\"https:\/\/www.lisbonfamilyapartments.com\/pt-pt\/\"},{\"@type\":\"ListItem\",\"position\":2,\"name\":\"Sobre N\u00f3s\"}]},{\"@type\":\"WebSite\",\"@id\":\"https:\/\/mail.primeform.eu\/#website\",\"url\":\"https:\/\/mail.primeform.eu\/\",\"name\":\"Digital Connection\",\"description\":\"\",\"publisher\":{\"@id\":\"https:\/\/mail.primeform.eu\/#organization\"},\"potentialAction\":[{\"@type\":\"SearchAction\",\"target\":{\"@type\":\"EntryPoint\",\"urlTemplate\":\"https:\/\/mail.primeform.eu\/?s={search_term_string}\"},\"query-input\":{\"@type\":\"PropertyValueSpecification\",\"valueRequired\":true,\"valueName\":\"search_term_string\"}}],\"inLanguage\":\"pt-PT\"},{\"@type\":\"Organization\",\"@id\":\"https:\/\/mail.primeform.eu\/#organization\",\"name\":\"Digital Connection\",\"url\":\"https:\/\/mail.primeform.eu\/\",\"logo\":{\"@type\":\"ImageObject\",\"inLanguage\":\"pt-PT\",\"@id\":\"https:\/\/mail.primeform.eu\/#\/schema\/logo\/image\/\",\"url\":\"https:\/\/mail.digitalconnection.ae\/wp-content\/uploads\/2026\/03\/logo.png\",\"contentUrl\":\"https:\/\/mail.digitalconnection.ae\/wp-content\/uploads\/2026\/03\/logo.png\",\"width\":656,\"height\":134,\"caption\":\"Digital Connection\"},\"image\":{\"@id\":\"https:\/\/mail.primeform.eu\/#\/schema\/logo\/image\/\"}}]}<\/script>\n<!-- \/ Yoast SEO plugin. -->","yoast_head_json":{"title":"Sobre N\u00f3s - Digital Connection","description":"A digital connection \u00e9 uma ag\u00eancia inovadora que visa facilitar a comunica\u00e7\u00e3o empresarial utilizando ferramentas multim\u00e9dia de car\u00e1cter...","robots":{"index":"index","follow":"follow","max-snippet":"max-snippet:-1","max-image-preview":"max-image-preview:large","max-video-preview":"max-video-preview:-1"},"canonical":"https:\/\/as10razoes.quintelaepenalva.pt\/pt-pt\/sobre-nos\/","og_locale":"pt_PT","og_type":"article","og_title":"Sobre N\u00f3s - Digital Connection","og_description":"A digital connection \u00e9 uma ag\u00eancia inovadora que visa facilitar a comunica\u00e7\u00e3o empresarial utilizando ferramentas multim\u00e9dia de car\u00e1cter...","og_url":"https:\/\/as10razoes.quintelaepenalva.pt\/pt-pt\/sobre-nos\/","og_site_name":"Digital Connection","article_modified_time":"2024-10-10T06:59:28+00:00","twitter_card":"summary_large_image","schema":{"@context":"https:\/\/schema.org","@graph":[{"@type":"WebPage","@id":"https:\/\/as10razoes.quintelaepenalva.pt\/pt-pt\/sobre-nos\/","url":"https:\/\/as10razoes.quintelaepenalva.pt\/pt-pt\/sobre-nos\/","name":"Sobre N\u00f3s - Digital Connection","isPartOf":{"@id":"https:\/\/mail.primeform.eu\/#website"},"datePublished":"2024-09-27T10:37:05+00:00","dateModified":"2024-10-10T06:59:28+00:00","description":"A digital connection \u00e9 uma ag\u00eancia inovadora que visa facilitar a comunica\u00e7\u00e3o empresarial utilizando ferramentas multim\u00e9dia de car\u00e1cter...","breadcrumb":{"@id":"https:\/\/as10razoes.quintelaepenalva.pt\/pt-pt\/sobre-nos\/#breadcrumb"},"inLanguage":"pt-PT","potentialAction":[{"@type":"ReadAction","target":["https:\/\/as10razoes.quintelaepenalva.pt\/pt-pt\/sobre-nos\/"]}]},{"@type":"BreadcrumbList","@id":"https:\/\/as10razoes.quintelaepenalva.pt\/pt-pt\/sobre-nos\/#breadcrumb","itemListElement":[{"@type":"ListItem","position":1,"name":"Home","item":"https:\/\/www.lisbonfamilyapartments.com\/pt-pt\/"},{"@type":"ListItem","position":2,"name":"Sobre N\u00f3s"}]},{"@type":"WebSite","@id":"https:\/\/mail.primeform.eu\/#website","url":"https:\/\/mail.primeform.eu\/","name":"Digital Connection","description":"","publisher":{"@id":"https:\/\/mail.primeform.eu\/#organization"},"potentialAction":[{"@type":"SearchAction","target":{"@type":"EntryPoint","urlTemplate":"https:\/\/mail.primeform.eu\/?s={search_term_string}"},"query-input":{"@type":"PropertyValueSpecification","valueRequired":true,"valueName":"search_term_string"}}],"inLanguage":"pt-PT"},{"@type":"Organization","@id":"https:\/\/mail.primeform.eu\/#organization","name":"Digital Connection","url":"https:\/\/mail.primeform.eu\/","logo":{"@type":"ImageObject","inLanguage":"pt-PT","@id":"https:\/\/mail.primeform.eu\/#\/schema\/logo\/image\/","url":"https:\/\/mail.digitalconnection.ae\/wp-content\/uploads\/2026\/03\/logo.png","contentUrl":"https:\/\/mail.digitalconnection.ae\/wp-content\/uploads\/2026\/03\/logo.png","width":656,"height":134,"caption":"Digital Connection"},"image":{"@id":"https:\/\/mail.primeform.eu\/#\/schema\/logo\/image\/"}}]}},"_links":{"self":[{"href":"https:\/\/mail.digitalconnection.ae\/pt-pt\/wp-json\/wp\/v2\/pages\/7489","targetHints":{"allow":["GET"]}}],"collection":[{"href":"https:\/\/mail.digitalconnection.ae\/pt-pt\/wp-json\/wp\/v2\/pages"}],"about":[{"href":"https:\/\/mail.digitalconnection.ae\/pt-pt\/wp-json\/wp\/v2\/types\/page"}],"author":[{"embeddable":true,"href":"https:\/\/mail.digitalconnection.ae\/pt-pt\/wp-json\/wp\/v2\/users\/1"}],"replies":[{"embeddable":true,"href":"https:\/\/mail.digitalconnection.ae\/pt-pt\/wp-json\/wp\/v2\/comments?post=7489"}],"version-history":[{"count":4,"href":"https:\/\/mail.digitalconnection.ae\/pt-pt\/wp-json\/wp\/v2\/pages\/7489\/revisions"}],"predecessor-version":[{"id":7895,"href":"https:\/\/mail.digitalconnection.ae\/pt-pt\/wp-json\/wp\/v2\/pages\/7489\/revisions\/7895"}],"wp:attachment":[{"href":"https:\/\/mail.digitalconnection.ae\/pt-pt\/wp-json\/wp\/v2\/media?parent=7489"}],"curies":[{"name":"wp","href":"https:\/\/api.w.org\/{rel}","templated":true}]}}