{"id":7461,"date":"2024-09-27T11:01:08","date_gmt":"2024-09-27T11:01:08","guid":{"rendered":"https:\/\/digitalconnection.connectionthemes.com\/consultancy\/"},"modified":"2024-10-09T16:16:24","modified_gmt":"2024-10-09T16:16:24","slug":"consultoria","status":"publish","type":"page","link":"https:\/\/mail.digitalconnection.ae\/pt-pt\/consultoria\/","title":{"rendered":"Consultoria"},"content":{"rendered":"<p>A Consultoria em Comunica\u00e7\u00e3o est\u00e1 no \u00e2mago da nossa miss\u00e3o. Promovemos estrat\u00e9gias personalizadas adaptadas \u00e0s necessidades \u00fanicas da sua marca, garantindo uma comunica\u00e7\u00e3o clara e impactante a cada momento. Com consultoria especializada, estrat\u00e9gias de comunica\u00e7\u00e3o integrais e metas mensur\u00e1veis, guiamos a sua marca rumo ao sucesso.<\/p>\n","protected":false},"excerpt":{"rendered":"<p>A Consultoria em Comunica\u00e7\u00e3o est\u00e1 no \u00e2mago da nossa miss\u00e3o. Promovemos estrat\u00e9gias personalizadas adaptadas \u00e0s necessidades \u00fanicas da sua marca, garantindo uma comunica\u00e7\u00e3o clara e impactante a cada momento. Com consultoria especializada, estrat\u00e9gias de comunica\u00e7\u00e3o integrais e metas mensur\u00e1veis, guiamos a sua marca rumo ao sucesso.<\/p>\n","protected":false},"author":1,"featured_media":0,"parent":0,"menu_order":0,"comment_status":"closed","ping_status":"closed","template":"page-consultancy.php","meta":{"footnotes":""},"class_list":["post-7461","page","type-page","status-publish","hentry"],"acf":[],"yoast_head":"<!-- This site is optimized with the Yoast SEO plugin v23.6 - https:\/\/yoast.com\/wordpress\/plugins\/seo\/ -->\n<title>Consultoria - Digital Connection<\/title>\n<meta name=\"description\" content=\"Somos uma empresa de comunica\u00e7\u00e3o e marketing e apoiamos marcas com Consultoria. Elaboramos estrat\u00e9gias, definimos...\" \/>\n<meta name=\"robots\" content=\"index, follow, max-snippet:-1, max-image-preview:large, max-video-preview:-1\" \/>\n<link rel=\"canonical\" href=\"https:\/\/webmail.bizpartners.nl\/pt-pt\/consultoria\/\" \/>\n<meta property=\"og:locale\" content=\"pt_PT\" \/>\n<meta property=\"og:type\" content=\"article\" \/>\n<meta property=\"og:title\" content=\"Consultoria - Digital Connection\" \/>\n<meta property=\"og:description\" content=\"Somos uma empresa de comunica\u00e7\u00e3o e marketing e apoiamos marcas com Consultoria. Elaboramos estrat\u00e9gias, definimos...\" \/>\n<meta property=\"og:url\" content=\"https:\/\/webmail.bizpartners.nl\/pt-pt\/consultoria\/\" \/>\n<meta property=\"og:site_name\" content=\"Digital Connection\" \/>\n<meta property=\"article:modified_time\" content=\"2024-10-09T16:16:24+00:00\" \/>\n<meta name=\"twitter:card\" content=\"summary_large_image\" \/>\n<meta name=\"twitter:label1\" content=\"Tempo estimado de leitura\" \/>\n\t<meta name=\"twitter:data1\" content=\"1 minuto\" \/>\n<script type=\"application\/ld+json\" class=\"yoast-schema-graph\">{\"@context\":\"https:\/\/schema.org\",\"@graph\":[{\"@type\":\"WebPage\",\"@id\":\"https:\/\/webmail.bizpartners.nl\/pt-pt\/consultoria\/\",\"url\":\"https:\/\/webmail.bizpartners.nl\/pt-pt\/consultoria\/\",\"name\":\"Consultoria - Digital Connection\",\"isPartOf\":{\"@id\":\"https:\/\/mail.asmabeauty.pt\/pt-pt\/#website\"},\"datePublished\":\"2024-09-27T11:01:08+00:00\",\"dateModified\":\"2024-10-09T16:16:24+00:00\",\"description\":\"Somos uma empresa de comunica\u00e7\u00e3o e marketing e apoiamos marcas com Consultoria. Elaboramos estrat\u00e9gias, definimos...\",\"breadcrumb\":{\"@id\":\"https:\/\/webmail.bizpartners.nl\/pt-pt\/consultoria\/#breadcrumb\"},\"inLanguage\":\"pt-PT\",\"potentialAction\":[{\"@type\":\"ReadAction\",\"target\":[\"https:\/\/webmail.bizpartners.nl\/pt-pt\/consultoria\/\"]}]},{\"@type\":\"BreadcrumbList\",\"@id\":\"https:\/\/webmail.bizpartners.nl\/pt-pt\/consultoria\/#breadcrumb\",\"itemListElement\":[{\"@type\":\"ListItem\",\"position\":1,\"name\":\"Home\",\"item\":\"https:\/\/mail.asmabeauty.pt\/pt-pt\/\"},{\"@type\":\"ListItem\",\"position\":2,\"name\":\"Consultoria\"}]},{\"@type\":\"WebSite\",\"@id\":\"https:\/\/mail.asmabeauty.pt\/pt-pt\/#website\",\"url\":\"https:\/\/mail.asmabeauty.pt\/pt-pt\/\",\"name\":\"Digital Connection\",\"description\":\"\",\"publisher\":{\"@id\":\"https:\/\/mail.asmabeauty.pt\/pt-pt\/#organization\"},\"potentialAction\":[{\"@type\":\"SearchAction\",\"target\":{\"@type\":\"EntryPoint\",\"urlTemplate\":\"https:\/\/mail.asmabeauty.pt\/pt-pt\/?s={search_term_string}\"},\"query-input\":{\"@type\":\"PropertyValueSpecification\",\"valueRequired\":true,\"valueName\":\"search_term_string\"}}],\"inLanguage\":\"pt-PT\"},{\"@type\":\"Organization\",\"@id\":\"https:\/\/mail.asmabeauty.pt\/pt-pt\/#organization\",\"name\":\"Digital Connection\",\"url\":\"https:\/\/mail.asmabeauty.pt\/pt-pt\/\",\"logo\":{\"@type\":\"ImageObject\",\"inLanguage\":\"pt-PT\",\"@id\":\"https:\/\/mail.asmabeauty.pt\/pt-pt\/#\/schema\/logo\/image\/\",\"url\":\"https:\/\/mail.digitalconnection.ae\/wp-content\/uploads\/2026\/03\/logo.png\",\"contentUrl\":\"https:\/\/mail.digitalconnection.ae\/wp-content\/uploads\/2026\/03\/logo.png\",\"width\":656,\"height\":134,\"caption\":\"Digital Connection\"},\"image\":{\"@id\":\"https:\/\/mail.asmabeauty.pt\/pt-pt\/#\/schema\/logo\/image\/\"}}]}<\/script>\n<!-- \/ Yoast SEO plugin. -->","yoast_head_json":{"title":"Consultoria - Digital Connection","description":"Somos uma empresa de comunica\u00e7\u00e3o e marketing e apoiamos marcas com Consultoria. Elaboramos estrat\u00e9gias, definimos...","robots":{"index":"index","follow":"follow","max-snippet":"max-snippet:-1","max-image-preview":"max-image-preview:large","max-video-preview":"max-video-preview:-1"},"canonical":"https:\/\/webmail.bizpartners.nl\/pt-pt\/consultoria\/","og_locale":"pt_PT","og_type":"article","og_title":"Consultoria - Digital Connection","og_description":"Somos uma empresa de comunica\u00e7\u00e3o e marketing e apoiamos marcas com Consultoria. Elaboramos estrat\u00e9gias, definimos...","og_url":"https:\/\/webmail.bizpartners.nl\/pt-pt\/consultoria\/","og_site_name":"Digital Connection","article_modified_time":"2024-10-09T16:16:24+00:00","twitter_card":"summary_large_image","twitter_misc":{"Tempo estimado de leitura":"1 minuto"},"schema":{"@context":"https:\/\/schema.org","@graph":[{"@type":"WebPage","@id":"https:\/\/webmail.bizpartners.nl\/pt-pt\/consultoria\/","url":"https:\/\/webmail.bizpartners.nl\/pt-pt\/consultoria\/","name":"Consultoria - Digital Connection","isPartOf":{"@id":"https:\/\/mail.asmabeauty.pt\/pt-pt\/#website"},"datePublished":"2024-09-27T11:01:08+00:00","dateModified":"2024-10-09T16:16:24+00:00","description":"Somos uma empresa de comunica\u00e7\u00e3o e marketing e apoiamos marcas com Consultoria. Elaboramos estrat\u00e9gias, definimos...","breadcrumb":{"@id":"https:\/\/webmail.bizpartners.nl\/pt-pt\/consultoria\/#breadcrumb"},"inLanguage":"pt-PT","potentialAction":[{"@type":"ReadAction","target":["https:\/\/webmail.bizpartners.nl\/pt-pt\/consultoria\/"]}]},{"@type":"BreadcrumbList","@id":"https:\/\/webmail.bizpartners.nl\/pt-pt\/consultoria\/#breadcrumb","itemListElement":[{"@type":"ListItem","position":1,"name":"Home","item":"https:\/\/mail.asmabeauty.pt\/pt-pt\/"},{"@type":"ListItem","position":2,"name":"Consultoria"}]},{"@type":"WebSite","@id":"https:\/\/mail.asmabeauty.pt\/pt-pt\/#website","url":"https:\/\/mail.asmabeauty.pt\/pt-pt\/","name":"Digital Connection","description":"","publisher":{"@id":"https:\/\/mail.asmabeauty.pt\/pt-pt\/#organization"},"potentialAction":[{"@type":"SearchAction","target":{"@type":"EntryPoint","urlTemplate":"https:\/\/mail.asmabeauty.pt\/pt-pt\/?s={search_term_string}"},"query-input":{"@type":"PropertyValueSpecification","valueRequired":true,"valueName":"search_term_string"}}],"inLanguage":"pt-PT"},{"@type":"Organization","@id":"https:\/\/mail.asmabeauty.pt\/pt-pt\/#organization","name":"Digital Connection","url":"https:\/\/mail.asmabeauty.pt\/pt-pt\/","logo":{"@type":"ImageObject","inLanguage":"pt-PT","@id":"https:\/\/mail.asmabeauty.pt\/pt-pt\/#\/schema\/logo\/image\/","url":"https:\/\/mail.digitalconnection.ae\/wp-content\/uploads\/2026\/03\/logo.png","contentUrl":"https:\/\/mail.digitalconnection.ae\/wp-content\/uploads\/2026\/03\/logo.png","width":656,"height":134,"caption":"Digital Connection"},"image":{"@id":"https:\/\/mail.asmabeauty.pt\/pt-pt\/#\/schema\/logo\/image\/"}}]}},"_links":{"self":[{"href":"https:\/\/mail.digitalconnection.ae\/pt-pt\/wp-json\/wp\/v2\/pages\/7461","targetHints":{"allow":["GET"]}}],"collection":[{"href":"https:\/\/mail.digitalconnection.ae\/pt-pt\/wp-json\/wp\/v2\/pages"}],"about":[{"href":"https:\/\/mail.digitalconnection.ae\/pt-pt\/wp-json\/wp\/v2\/types\/page"}],"author":[{"embeddable":true,"href":"https:\/\/mail.digitalconnection.ae\/pt-pt\/wp-json\/wp\/v2\/users\/1"}],"replies":[{"embeddable":true,"href":"https:\/\/mail.digitalconnection.ae\/pt-pt\/wp-json\/wp\/v2\/comments?post=7461"}],"version-history":[{"count":3,"href":"https:\/\/mail.digitalconnection.ae\/pt-pt\/wp-json\/wp\/v2\/pages\/7461\/revisions"}],"predecessor-version":[{"id":7469,"href":"https:\/\/mail.digitalconnection.ae\/pt-pt\/wp-json\/wp\/v2\/pages\/7461\/revisions\/7469"}],"wp:attachment":[{"href":"https:\/\/mail.digitalconnection.ae\/pt-pt\/wp-json\/wp\/v2\/media?parent=7461"}],"curies":[{"name":"wp","href":"https:\/\/api.w.org\/{rel}","templated":true}]}}