{"id":7446,"date":"2024-09-27T11:28:50","date_gmt":"2024-09-27T11:28:50","guid":{"rendered":"https:\/\/digitalconnection.connectionthemes.com\/design\/"},"modified":"2025-04-23T14:07:41","modified_gmt":"2025-04-23T14:07:41","slug":"design","status":"publish","type":"page","link":"https:\/\/mail.digitalconnection.ae\/pt-pt\/design\/","title":{"rendered":"Design"},"content":{"rendered":"<p>Os nossos servi\u00e7os de design combinam criatividade com estrat\u00e9gia para dar vida \u00e0 vis\u00e3o da sua marca. Desde visuais deslumbrantes e gr\u00e1ficos envolventes at\u00e9 interfaces amig\u00e1veis, criamos designs que cativam e conectam. Confie em n\u00f3s para elevar a est\u00e9tica da sua marca e deixar uma impress\u00e3o duradoura.<\/p>\n","protected":false},"excerpt":{"rendered":"<p>Os nossos servi\u00e7os de design combinam criatividade com estrat\u00e9gia para dar vida \u00e0 vis\u00e3o da sua marca. Desde visuais deslumbrantes e gr\u00e1ficos envolventes at\u00e9 interfaces amig\u00e1veis, criamos designs que cativam e conectam. Confie em n\u00f3s para elevar a est\u00e9tica da sua marca e deixar uma impress\u00e3o duradoura.<\/p>\n","protected":false},"author":1,"featured_media":0,"parent":0,"menu_order":0,"comment_status":"closed","ping_status":"closed","template":"page-design.php","meta":{"footnotes":""},"class_list":["post-7446","page","type-page","status-publish","hentry"],"acf":[],"yoast_head":"<!-- This site is optimized with the Yoast SEO plugin v23.6 - https:\/\/yoast.com\/wordpress\/plugins\/seo\/ -->\n<title>Design - Digital Connection<\/title>\n<meta name=\"description\" content=\"Explore servi\u00e7os de design criativo na Digital Connection. Somos especializados em entregar gr\u00e1ficos visualmente deslumbrantes, interfaces...\" \/>\n<meta name=\"robots\" content=\"index, follow, max-snippet:-1, max-image-preview:large, max-video-preview:-1\" \/>\n<link rel=\"canonical\" href=\"https:\/\/autodiscover.bizpartners.nl\/pt-pt\/design\/\" \/>\n<meta property=\"og:locale\" content=\"pt_PT\" \/>\n<meta property=\"og:type\" content=\"article\" \/>\n<meta property=\"og:title\" content=\"Design - Digital Connection\" \/>\n<meta property=\"og:description\" content=\"Explore servi\u00e7os de design criativo na Digital Connection. Somos especializados em entregar gr\u00e1ficos visualmente deslumbrantes, interfaces...\" \/>\n<meta property=\"og:url\" content=\"https:\/\/autodiscover.bizpartners.nl\/pt-pt\/design\/\" \/>\n<meta property=\"og:site_name\" content=\"Digital Connection\" \/>\n<meta property=\"article:modified_time\" content=\"2025-04-23T14:07:41+00:00\" \/>\n<meta name=\"twitter:card\" content=\"summary_large_image\" \/>\n<meta name=\"twitter:label1\" content=\"Tempo estimado de leitura\" \/>\n\t<meta name=\"twitter:data1\" content=\"1 minuto\" \/>\n<script type=\"application\/ld+json\" class=\"yoast-schema-graph\">{\"@context\":\"https:\/\/schema.org\",\"@graph\":[{\"@type\":\"WebPage\",\"@id\":\"https:\/\/autodiscover.bizpartners.nl\/pt-pt\/design\/\",\"url\":\"https:\/\/autodiscover.bizpartners.nl\/pt-pt\/design\/\",\"name\":\"Design - Digital Connection\",\"isPartOf\":{\"@id\":\"https:\/\/jeta.connectionthemes.com\/#website\"},\"datePublished\":\"2024-09-27T11:28:50+00:00\",\"dateModified\":\"2025-04-23T14:07:41+00:00\",\"description\":\"Explore servi\u00e7os de design criativo na Digital Connection. Somos especializados em entregar gr\u00e1ficos visualmente deslumbrantes, interfaces...\",\"breadcrumb\":{\"@id\":\"https:\/\/autodiscover.bizpartners.nl\/pt-pt\/design\/#breadcrumb\"},\"inLanguage\":\"pt-PT\",\"potentialAction\":[{\"@type\":\"ReadAction\",\"target\":[\"https:\/\/autodiscover.bizpartners.nl\/pt-pt\/design\/\"]}]},{\"@type\":\"BreadcrumbList\",\"@id\":\"https:\/\/autodiscover.bizpartners.nl\/pt-pt\/design\/#breadcrumb\",\"itemListElement\":[{\"@type\":\"ListItem\",\"position\":1,\"name\":\"Home\",\"item\":\"https:\/\/mail.grupomontalva.pt\/pt-pt\/\"},{\"@type\":\"ListItem\",\"position\":2,\"name\":\"Design\"}]},{\"@type\":\"WebSite\",\"@id\":\"https:\/\/jeta.connectionthemes.com\/#website\",\"url\":\"https:\/\/jeta.connectionthemes.com\/\",\"name\":\"Digital Connection\",\"description\":\"\",\"publisher\":{\"@id\":\"https:\/\/jeta.connectionthemes.com\/#organization\"},\"potentialAction\":[{\"@type\":\"SearchAction\",\"target\":{\"@type\":\"EntryPoint\",\"urlTemplate\":\"https:\/\/jeta.connectionthemes.com\/?s={search_term_string}\"},\"query-input\":{\"@type\":\"PropertyValueSpecification\",\"valueRequired\":true,\"valueName\":\"search_term_string\"}}],\"inLanguage\":\"pt-PT\"},{\"@type\":\"Organization\",\"@id\":\"https:\/\/jeta.connectionthemes.com\/#organization\",\"name\":\"Digital Connection\",\"url\":\"https:\/\/jeta.connectionthemes.com\/\",\"logo\":{\"@type\":\"ImageObject\",\"inLanguage\":\"pt-PT\",\"@id\":\"https:\/\/jeta.connectionthemes.com\/#\/schema\/logo\/image\/\",\"url\":\"https:\/\/mail.digitalconnection.ae\/wp-content\/uploads\/2026\/03\/logo.png\",\"contentUrl\":\"https:\/\/mail.digitalconnection.ae\/wp-content\/uploads\/2026\/03\/logo.png\",\"width\":656,\"height\":134,\"caption\":\"Digital Connection\"},\"image\":{\"@id\":\"https:\/\/jeta.connectionthemes.com\/#\/schema\/logo\/image\/\"}}]}<\/script>\n<!-- \/ Yoast SEO plugin. -->","yoast_head_json":{"title":"Design - Digital Connection","description":"Explore servi\u00e7os de design criativo na Digital Connection. Somos especializados em entregar gr\u00e1ficos visualmente deslumbrantes, interfaces...","robots":{"index":"index","follow":"follow","max-snippet":"max-snippet:-1","max-image-preview":"max-image-preview:large","max-video-preview":"max-video-preview:-1"},"canonical":"https:\/\/autodiscover.bizpartners.nl\/pt-pt\/design\/","og_locale":"pt_PT","og_type":"article","og_title":"Design - Digital Connection","og_description":"Explore servi\u00e7os de design criativo na Digital Connection. Somos especializados em entregar gr\u00e1ficos visualmente deslumbrantes, interfaces...","og_url":"https:\/\/autodiscover.bizpartners.nl\/pt-pt\/design\/","og_site_name":"Digital Connection","article_modified_time":"2025-04-23T14:07:41+00:00","twitter_card":"summary_large_image","twitter_misc":{"Tempo estimado de leitura":"1 minuto"},"schema":{"@context":"https:\/\/schema.org","@graph":[{"@type":"WebPage","@id":"https:\/\/autodiscover.bizpartners.nl\/pt-pt\/design\/","url":"https:\/\/autodiscover.bizpartners.nl\/pt-pt\/design\/","name":"Design - Digital Connection","isPartOf":{"@id":"https:\/\/jeta.connectionthemes.com\/#website"},"datePublished":"2024-09-27T11:28:50+00:00","dateModified":"2025-04-23T14:07:41+00:00","description":"Explore servi\u00e7os de design criativo na Digital Connection. Somos especializados em entregar gr\u00e1ficos visualmente deslumbrantes, interfaces...","breadcrumb":{"@id":"https:\/\/autodiscover.bizpartners.nl\/pt-pt\/design\/#breadcrumb"},"inLanguage":"pt-PT","potentialAction":[{"@type":"ReadAction","target":["https:\/\/autodiscover.bizpartners.nl\/pt-pt\/design\/"]}]},{"@type":"BreadcrumbList","@id":"https:\/\/autodiscover.bizpartners.nl\/pt-pt\/design\/#breadcrumb","itemListElement":[{"@type":"ListItem","position":1,"name":"Home","item":"https:\/\/mail.grupomontalva.pt\/pt-pt\/"},{"@type":"ListItem","position":2,"name":"Design"}]},{"@type":"WebSite","@id":"https:\/\/jeta.connectionthemes.com\/#website","url":"https:\/\/jeta.connectionthemes.com\/","name":"Digital Connection","description":"","publisher":{"@id":"https:\/\/jeta.connectionthemes.com\/#organization"},"potentialAction":[{"@type":"SearchAction","target":{"@type":"EntryPoint","urlTemplate":"https:\/\/jeta.connectionthemes.com\/?s={search_term_string}"},"query-input":{"@type":"PropertyValueSpecification","valueRequired":true,"valueName":"search_term_string"}}],"inLanguage":"pt-PT"},{"@type":"Organization","@id":"https:\/\/jeta.connectionthemes.com\/#organization","name":"Digital Connection","url":"https:\/\/jeta.connectionthemes.com\/","logo":{"@type":"ImageObject","inLanguage":"pt-PT","@id":"https:\/\/jeta.connectionthemes.com\/#\/schema\/logo\/image\/","url":"https:\/\/mail.digitalconnection.ae\/wp-content\/uploads\/2026\/03\/logo.png","contentUrl":"https:\/\/mail.digitalconnection.ae\/wp-content\/uploads\/2026\/03\/logo.png","width":656,"height":134,"caption":"Digital Connection"},"image":{"@id":"https:\/\/jeta.connectionthemes.com\/#\/schema\/logo\/image\/"}}]}},"_links":{"self":[{"href":"https:\/\/mail.digitalconnection.ae\/pt-pt\/wp-json\/wp\/v2\/pages\/7446","targetHints":{"allow":["GET"]}}],"collection":[{"href":"https:\/\/mail.digitalconnection.ae\/pt-pt\/wp-json\/wp\/v2\/pages"}],"about":[{"href":"https:\/\/mail.digitalconnection.ae\/pt-pt\/wp-json\/wp\/v2\/types\/page"}],"author":[{"embeddable":true,"href":"https:\/\/mail.digitalconnection.ae\/pt-pt\/wp-json\/wp\/v2\/users\/1"}],"replies":[{"embeddable":true,"href":"https:\/\/mail.digitalconnection.ae\/pt-pt\/wp-json\/wp\/v2\/comments?post=7446"}],"version-history":[{"count":7,"href":"https:\/\/mail.digitalconnection.ae\/pt-pt\/wp-json\/wp\/v2\/pages\/7446\/revisions"}],"predecessor-version":[{"id":7970,"href":"https:\/\/mail.digitalconnection.ae\/pt-pt\/wp-json\/wp\/v2\/pages\/7446\/revisions\/7970"}],"wp:attachment":[{"href":"https:\/\/mail.digitalconnection.ae\/pt-pt\/wp-json\/wp\/v2\/media?parent=7446"}],"curies":[{"name":"wp","href":"https:\/\/api.w.org\/{rel}","templated":true}]}}